{"id":706,"date":"2022-06-22T19:30:55","date_gmt":"2022-06-22T23:30:55","guid":{"rendered":"http:\/\/ouimetfarms.com\/wordpress\/faq\/"},"modified":"2024-10-06T18:18:18","modified_gmt":"2024-10-06T22:18:18","slug":"faq","status":"publish","type":"page","link":"https:\/\/ouimetfarms.com\/fr\/faq\/","title":{"rendered":"FAQ"},"content":{"rendered":"<p class=\" eplus-wrapper eplus-styles-uid-341832\"><strong>PEUT-ON APPORTER NOTRE PICNIC?<\/strong><\/p><ul class=\"eplus-wrapper wp-block-list eplus-styles-uid-ad6790\"><li class=\" eplus-wrapper eplus-styles-uid-341832\">Oui! Il est possible d&rsquo;apporter votre picnic. Nous avons des tables a travers le parc pour vous. <\/li><\/ul><p class=\" eplus-wrapper eplus-styles-uid-341832\"><strong>\u00caTES-VOUS OUVERT S&rsquo;IL PLEUT?<\/strong><\/p><ul class=\"eplus-wrapper wp-block-list eplus-styles-uid-69bb06\"><li class=\" eplus-wrapper eplus-styles-uid-341832\">S&rsquo;il pleut, nous pouvons fermer t\u00f4t pour votre s\u00e9curit\u00e9. Nous publierons des mises \u00e0 jour sur Facebook et Instagram sur les conditions m\u00e9t\u00e9orologiques. D\u00e9sol\u00e9 pour tout inconv\u00e9nient et merci de votre compr\u00e9hension. <\/li><\/ul><p class=\" eplus-wrapper eplus-styles-uid-341832\"><strong>AVONS-NOUS BESOIN DE R\u00c9SERVATIONS?<\/strong><\/p><ul class=\"eplus-wrapper wp-block-list eplus-styles-uid-cbd26d\"><li class=\" eplus-wrapper eplus-styles-uid-341832\">Non. Vous n&rsquo;avez pas besoin de r\u00e9servations pour venir \u00e0 la ferme. <\/li><\/ul><p class=\" eplus-wrapper eplus-styles-uid-341832\"><strong>Y A-T-IL DES ANIMAUX \u00c0 LA FERME?<\/strong><\/p><ul class=\"eplus-wrapper wp-block-list eplus-styles-uid-cbadac\"><li class=\" eplus-wrapper eplus-styles-uid-341832\">Bien que Ouimet Farms soit une ferme en op\u00e9ration, il n&rsquo;y a pas d&rsquo;animaux sur place. \u200b <\/li><\/ul><p class=\" eplus-wrapper eplus-styles-uid-341832\"><strong>QUELS SONT LES MODES DE PAIEMENTS ACCEPT\u00c9S?<\/strong><\/p><ul class=\"eplus-wrapper wp-block-list eplus-styles-uid-33ee7c\"><li class=\" eplus-wrapper eplus-styles-uid-341832\">Nous acceptons, argent comptant, Visa, Master Card et Debit. <\/li><\/ul><p class=\" eplus-wrapper eplus-styles-uid-341832\"><strong>LES ANIMAUX DE COMPAGNIE SONT-ILS AUTORIS\u00c9S \u00c0 LA FERME?<\/strong><\/p><ul class=\"eplus-wrapper wp-block-list eplus-styles-uid-f6e876\"><li class=\" eplus-wrapper eplus-styles-uid-341832\">Nous aimons les animaux mais certains de nos clients ne les aiment pas. Malhereusement, Ouimet Farms Adventure ne les autories pas sure notre site, que ce soit en laisse ou dans vos bras. Des exceptions ne seront faites que pour les animaux d&rsquo;assistance enregistr\u00e9s, qui doivent \u00eatre correctement identifi\u00e9s en tant que tels. Merci de votre compr\u00e9hension. <\/li><\/ul><ul class=\"eplus-wrapper wp-block-list eplus-styles-uid-30d869\"><\/ul>","protected":false},"excerpt":{"rendered":"<p>PEUT-ON APPORTER NOTRE PICNIC? \u00caTES-VOUS OUVERT S&rsquo;IL PLEUT? AVONS-NOUS BESOIN DE R\u00c9SERVATIONS? Y A-T-IL DES ANIMAUX \u00c0 LA FERME? QUELS SONT LES MODES DE PAIEMENTS ACCEPT\u00c9S? LES ANIMAUX DE COMPAGNIE SONT-ILS AUTORIS\u00c9S \u00c0 LA FERME?<\/p>\n","protected":false},"author":1,"featured_media":0,"parent":0,"menu_order":0,"comment_status":"closed","ping_status":"closed","template":"","meta":{"editor_plus_copied_stylings":"{}","footnotes":""},"class_list":["post-706","page","type-page","status-publish","hentry"],"yoast_head":"<!-- This site is optimized with the Yoast SEO plugin v20.13 - https:\/\/yoast.com\/wordpress\/plugins\/seo\/ -->\n<title>FAQ - Ouimet Farm Adventures<\/title>\n<meta name=\"robots\" content=\"index, follow, max-snippet:-1, max-image-preview:large, max-video-preview:-1\" \/>\n<link rel=\"canonical\" href=\"https:\/\/ouimetfarms.com\/fr\/faq\/\" \/>\n<meta property=\"og:locale\" content=\"fr_FR\" \/>\n<meta property=\"og:type\" content=\"article\" \/>\n<meta property=\"og:title\" content=\"FAQ - Ouimet Farm Adventures\" \/>\n<meta property=\"og:description\" content=\"PEUT-ON APPORTER NOTRE PICNIC? \u00caTES-VOUS OUVERT S&rsquo;IL PLEUT? AVONS-NOUS BESOIN DE R\u00c9SERVATIONS? Y A-T-IL DES ANIMAUX \u00c0 LA FERME? QUELS SONT LES MODES DE PAIEMENTS ACCEPT\u00c9S? LES ANIMAUX DE COMPAGNIE SONT-ILS AUTORIS\u00c9S \u00c0 LA FERME?\" \/>\n<meta property=\"og:url\" content=\"https:\/\/ouimetfarms.com\/fr\/faq\/\" \/>\n<meta property=\"og:site_name\" content=\"Ouimet Farm Adventures\" \/>\n<meta property=\"article:modified_time\" content=\"2024-10-06T22:18:18+00:00\" \/>\n<meta name=\"twitter:card\" content=\"summary_large_image\" \/>\n<meta name=\"twitter:label1\" content=\"Dur\u00e9e de lecture estim\u00e9e\" \/>\n\t<meta name=\"twitter:data1\" content=\"2 minutes\" \/>\n<script type=\"application\/ld+json\" class=\"yoast-schema-graph\">{\"@context\":\"https:\/\/schema.org\",\"@graph\":[{\"@type\":\"WebPage\",\"@id\":\"https:\/\/ouimetfarms.com\/fr\/faq\/\",\"url\":\"https:\/\/ouimetfarms.com\/fr\/faq\/\",\"name\":\"FAQ - Ouimet Farm Adventures\",\"isPartOf\":{\"@id\":\"https:\/\/ouimetfarms.com\/#website\"},\"datePublished\":\"2022-06-22T23:30:55+00:00\",\"dateModified\":\"2024-10-06T22:18:18+00:00\",\"breadcrumb\":{\"@id\":\"https:\/\/ouimetfarms.com\/fr\/faq\/#breadcrumb\"},\"inLanguage\":\"fr-FR\",\"potentialAction\":[{\"@type\":\"ReadAction\",\"target\":[\"https:\/\/ouimetfarms.com\/fr\/faq\/\"]}]},{\"@type\":\"BreadcrumbList\",\"@id\":\"https:\/\/ouimetfarms.com\/fr\/faq\/#breadcrumb\",\"itemListElement\":[{\"@type\":\"ListItem\",\"position\":1,\"name\":\"Home\",\"item\":\"https:\/\/ouimetfarms.com\/fr\/\"},{\"@type\":\"ListItem\",\"position\":2,\"name\":\"FAQ\"}]},{\"@type\":\"WebSite\",\"@id\":\"https:\/\/ouimetfarms.com\/#website\",\"url\":\"https:\/\/ouimetfarms.com\/\",\"name\":\"Ouimet Farm Adventures\",\"description\":\"Ontario&#039;s Most A-Maze-ing Corn Maze!\",\"publisher\":{\"@id\":\"https:\/\/ouimetfarms.com\/#organization\"},\"potentialAction\":[{\"@type\":\"SearchAction\",\"target\":{\"@type\":\"EntryPoint\",\"urlTemplate\":\"https:\/\/ouimetfarms.com\/?s={search_term_string}\"},\"query-input\":\"required name=search_term_string\"}],\"inLanguage\":\"fr-FR\"},{\"@type\":\"Organization\",\"@id\":\"https:\/\/ouimetfarms.com\/#organization\",\"name\":\"Ouimet Farms Adventures\",\"url\":\"https:\/\/ouimetfarms.com\/\",\"logo\":{\"@type\":\"ImageObject\",\"inLanguage\":\"fr-FR\",\"@id\":\"https:\/\/ouimetfarms.com\/#\/schema\/logo\/image\/\",\"url\":\"https:\/\/ouimetfarms.com\/wp-content\/uploads\/2022\/06\/cropped-Ouimet-Farm-Adventure-logo-b.png\",\"contentUrl\":\"https:\/\/ouimetfarms.com\/wp-content\/uploads\/2022\/06\/cropped-Ouimet-Farm-Adventure-logo-b.png\",\"width\":600,\"height\":264,\"caption\":\"Ouimet Farms Adventures\"},\"image\":{\"@id\":\"https:\/\/ouimetfarms.com\/#\/schema\/logo\/image\/\"}}]}<\/script>\n<!-- \/ Yoast SEO plugin. -->","yoast_head_json":{"title":"FAQ - Ouimet Farm Adventures","robots":{"index":"index","follow":"follow","max-snippet":"max-snippet:-1","max-image-preview":"max-image-preview:large","max-video-preview":"max-video-preview:-1"},"canonical":"https:\/\/ouimetfarms.com\/fr\/faq\/","og_locale":"fr_FR","og_type":"article","og_title":"FAQ - Ouimet Farm Adventures","og_description":"PEUT-ON APPORTER NOTRE PICNIC? \u00caTES-VOUS OUVERT S&rsquo;IL PLEUT? AVONS-NOUS BESOIN DE R\u00c9SERVATIONS? Y A-T-IL DES ANIMAUX \u00c0 LA FERME? QUELS SONT LES MODES DE PAIEMENTS ACCEPT\u00c9S? LES ANIMAUX DE COMPAGNIE SONT-ILS AUTORIS\u00c9S \u00c0 LA FERME?","og_url":"https:\/\/ouimetfarms.com\/fr\/faq\/","og_site_name":"Ouimet Farm Adventures","article_modified_time":"2024-10-06T22:18:18+00:00","twitter_card":"summary_large_image","twitter_misc":{"Dur\u00e9e de lecture estim\u00e9e":"2 minutes"},"schema":{"@context":"https:\/\/schema.org","@graph":[{"@type":"WebPage","@id":"https:\/\/ouimetfarms.com\/fr\/faq\/","url":"https:\/\/ouimetfarms.com\/fr\/faq\/","name":"FAQ - Ouimet Farm Adventures","isPartOf":{"@id":"https:\/\/ouimetfarms.com\/#website"},"datePublished":"2022-06-22T23:30:55+00:00","dateModified":"2024-10-06T22:18:18+00:00","breadcrumb":{"@id":"https:\/\/ouimetfarms.com\/fr\/faq\/#breadcrumb"},"inLanguage":"fr-FR","potentialAction":[{"@type":"ReadAction","target":["https:\/\/ouimetfarms.com\/fr\/faq\/"]}]},{"@type":"BreadcrumbList","@id":"https:\/\/ouimetfarms.com\/fr\/faq\/#breadcrumb","itemListElement":[{"@type":"ListItem","position":1,"name":"Home","item":"https:\/\/ouimetfarms.com\/fr\/"},{"@type":"ListItem","position":2,"name":"FAQ"}]},{"@type":"WebSite","@id":"https:\/\/ouimetfarms.com\/#website","url":"https:\/\/ouimetfarms.com\/","name":"Ouimet Farm Adventures","description":"Ontario&#039;s Most A-Maze-ing Corn Maze!","publisher":{"@id":"https:\/\/ouimetfarms.com\/#organization"},"potentialAction":[{"@type":"SearchAction","target":{"@type":"EntryPoint","urlTemplate":"https:\/\/ouimetfarms.com\/?s={search_term_string}"},"query-input":"required name=search_term_string"}],"inLanguage":"fr-FR"},{"@type":"Organization","@id":"https:\/\/ouimetfarms.com\/#organization","name":"Ouimet Farms Adventures","url":"https:\/\/ouimetfarms.com\/","logo":{"@type":"ImageObject","inLanguage":"fr-FR","@id":"https:\/\/ouimetfarms.com\/#\/schema\/logo\/image\/","url":"https:\/\/ouimetfarms.com\/wp-content\/uploads\/2022\/06\/cropped-Ouimet-Farm-Adventure-logo-b.png","contentUrl":"https:\/\/ouimetfarms.com\/wp-content\/uploads\/2022\/06\/cropped-Ouimet-Farm-Adventure-logo-b.png","width":600,"height":264,"caption":"Ouimet Farms Adventures"},"image":{"@id":"https:\/\/ouimetfarms.com\/#\/schema\/logo\/image\/"}}]}},"featured_image_src":"","featured_image_src_square":false,"rbea_author_info":{"display_name":"Ouimet Farms","author_link":"https:\/\/ouimetfarms.com\/fr\/author\/ouimetfrven\/"},"rbea_excerpt_info":"PEUT-ON APPORTER NOTRE PICNIC? \u00caTES-VOUS OUVERT S&rsquo;IL PLEUT? AVONS-NOUS BESOIN DE R\u00c9SERVATIONS? Y A-T-IL DES ANIMAUX \u00c0 LA FERME? QUELS SONT LES MODES DE PAIEMENTS ACCEPT\u00c9S? LES ANIMAUX DE COMPAGNIE SONT-ILS AUTORIS\u00c9S \u00c0 LA FERME?","_links":{"self":[{"href":"https:\/\/ouimetfarms.com\/fr\/wp-json\/wp\/v2\/pages\/706","targetHints":{"allow":["GET"]}}],"collection":[{"href":"https:\/\/ouimetfarms.com\/fr\/wp-json\/wp\/v2\/pages"}],"about":[{"href":"https:\/\/ouimetfarms.com\/fr\/wp-json\/wp\/v2\/types\/page"}],"author":[{"embeddable":true,"href":"https:\/\/ouimetfarms.com\/fr\/wp-json\/wp\/v2\/users\/1"}],"replies":[{"embeddable":true,"href":"https:\/\/ouimetfarms.com\/fr\/wp-json\/wp\/v2\/comments?post=706"}],"version-history":[{"count":6,"href":"https:\/\/ouimetfarms.com\/fr\/wp-json\/wp\/v2\/pages\/706\/revisions"}],"predecessor-version":[{"id":1954,"href":"https:\/\/ouimetfarms.com\/fr\/wp-json\/wp\/v2\/pages\/706\/revisions\/1954"}],"wp:attachment":[{"href":"https:\/\/ouimetfarms.com\/fr\/wp-json\/wp\/v2\/media?parent=706"}],"curies":[{"name":"wp","href":"https:\/\/api.w.org\/{rel}","templated":true}]}}